{"id":814,"date":"2025-09-23T02:27:37","date_gmt":"2025-09-23T02:27:37","guid":{"rendered":"http:\/\/www.tiskgg.com\/?post_type=product&#038;p=814"},"modified":"2025-09-23T02:27:37","modified_gmt":"2025-09-23T02:27:37","slug":"tiskgg-25l-safe-tresor-feuerfest-fur-zuhause-digitaler-mobeltresor-mit-notschlussel-batteriekasten-wandtresor-mit-zahlenschloss-fur-bargeld-wichtiger-dokumente","status":"publish","type":"product","link":"http:\/\/www.tiskgg.com\/index.php\/product\/tiskgg-25l-safe-tresor-feuerfest-fur-zuhause-digitaler-mobeltresor-mit-notschlussel-batteriekasten-wandtresor-mit-zahlenschloss-fur-bargeld-wichtiger-dokumente\/","title":{"rendered":"Tiskgg 25L Safe Tresor Feuerfest f\u00fcr Zuhause| Digitaler M\u00f6Beltresor mit Notschl\u00fcSsel Batteriekasten| Wandtresor mit Zahlenschloss f\u00fcr Bargeld Wichtiger Dokumente"},"content":{"rendered":"<p>1. Our safes are made of hardened cold-rolled steel, which are pry and drill resistant and can effectively protect your valuables<br \/>\n2. Removable shelf can help you organize your important items easily<br \/>\n3. Built-in Led light provides increased visibility so you can easily access your valuables in the dark<br \/>\n4. Our safe comes with a dual alarm system to prevent password guessing<br \/>\n5. External battery case to prevent emergencies when the battery is dead<\/p>\n","protected":false},"excerpt":{"rendered":"<p>Brand: Tiskgg<\/p>\n<p>Asin: B0CSFDSF15<\/p>\n","protected":false},"featured_media":815,"comment_status":"open","ping_status":"closed","template":"","meta":[],"product_cat":[21],"product_tag":[],"class_list":["post-814","product","type-product","status-publish","has-post-thumbnail","hentry","product_cat-home-safe"],"_links":{"self":[{"href":"http:\/\/www.tiskgg.com\/index.php\/wp-json\/wp\/v2\/product\/814","targetHints":{"allow":["GET"]}}],"collection":[{"href":"http:\/\/www.tiskgg.com\/index.php\/wp-json\/wp\/v2\/product"}],"about":[{"href":"http:\/\/www.tiskgg.com\/index.php\/wp-json\/wp\/v2\/types\/product"}],"replies":[{"embeddable":true,"href":"http:\/\/www.tiskgg.com\/index.php\/wp-json\/wp\/v2\/comments?post=814"}],"wp:featuredmedia":[{"embeddable":true,"href":"http:\/\/www.tiskgg.com\/index.php\/wp-json\/wp\/v2\/media\/815"}],"wp:attachment":[{"href":"http:\/\/www.tiskgg.com\/index.php\/wp-json\/wp\/v2\/media?parent=814"}],"wp:term":[{"taxonomy":"product_cat","embeddable":true,"href":"http:\/\/www.tiskgg.com\/index.php\/wp-json\/wp\/v2\/product_cat?post=814"},{"taxonomy":"product_tag","embeddable":true,"href":"http:\/\/www.tiskgg.com\/index.php\/wp-json\/wp\/v2\/product_tag?post=814"}],"curies":[{"name":"wp","href":"https:\/\/api.w.org\/{rel}","templated":true}]}}